{"id":180,"date":"2020-12-15T20:15:54","date_gmt":"2020-12-15T20:15:54","guid":{"rendered":"https:\/\/beauty-blickfang.de\/?page_id=180"},"modified":"2025-01-19T16:46:59","modified_gmt":"2025-01-19T16:46:59","slug":"hautpflegeberatung","status":"publish","type":"page","link":"https:\/\/beauty-blickfang.de\/?page_id=180","title":{"rendered":"BeautyMoments"},"content":{"rendered":"\t\t<div data-elementor-type=\"wp-page\" data-elementor-id=\"180\" class=\"elementor elementor-180\">\n\t\t\t\t\t\t<section class=\"elementor-section elementor-top-section elementor-element elementor-element-8176a8d elementor-section-boxed elementor-section-height-default elementor-section-height-default wpr-particle-no wpr-jarallax-no wpr-parallax-no wpr-sticky-section-no\" data-id=\"8176a8d\" data-element_type=\"section\">\n\t\t\t\t\t\t<div class=\"elementor-container elementor-column-gap-default\">\n\t\t\t\t\t<div class=\"elementor-column elementor-col-100 elementor-top-column elementor-element elementor-element-c750747\" data-id=\"c750747\" data-element_type=\"column\">\n\t\t\t<div class=\"elementor-widget-wrap elementor-element-populated\">\n\t\t\t\t\t\t<div class=\"elementor-element elementor-element-ed69fb5 elementor-widget elementor-widget-heading\" data-id=\"ed69fb5\" data-element_type=\"widget\" data-widget_type=\"heading.default\">\n\t\t\t\t<div class=\"elementor-widget-container\">\n\t\t\t\t\t<h2 class=\"elementor-heading-title elementor-size-default\">Beauty Moments<\/h2>\t\t\t\t<\/div>\n\t\t\t\t<\/div>\n\t\t\t\t\t<\/div>\n\t\t<\/div>\n\t\t\t\t\t<\/div>\n\t\t<\/section>\n\t\t\t\t<section class=\"elementor-section elementor-top-section elementor-element elementor-element-e83e466 elementor-section-boxed elementor-section-height-default elementor-section-height-default wpr-particle-no wpr-jarallax-no wpr-parallax-no wpr-sticky-section-no\" data-id=\"e83e466\" data-element_type=\"section\">\n\t\t\t\t\t\t<div class=\"elementor-container elementor-column-gap-default\">\n\t\t\t\t\t<div class=\"elementor-column elementor-col-100 elementor-top-column elementor-element elementor-element-0f2440f\" data-id=\"0f2440f\" data-element_type=\"column\">\n\t\t\t<div class=\"elementor-widget-wrap elementor-element-populated\">\n\t\t\t\t\t\t<div class=\"elementor-element elementor-element-181c53f elementor-widget elementor-widget-spacer\" data-id=\"181c53f\" data-element_type=\"widget\" data-widget_type=\"spacer.default\">\n\t\t\t\t<div class=\"elementor-widget-container\">\n\t\t\t\t\t\t\t<div class=\"elementor-spacer\">\n\t\t\t<div class=\"elementor-spacer-inner\"><\/div>\n\t\t<\/div>\n\t\t\t\t\t\t<\/div>\n\t\t\t\t<\/div>\n\t\t\t\t\t<\/div>\n\t\t<\/div>\n\t\t\t\t\t<\/div>\n\t\t<\/section>\n\t\t\t\t<section class=\"elementor-section elementor-top-section elementor-element elementor-element-6988ae8 elementor-section-boxed elementor-section-height-default elementor-section-height-default wpr-particle-no wpr-jarallax-no wpr-parallax-no wpr-sticky-section-no\" data-id=\"6988ae8\" data-element_type=\"section\">\n\t\t\t\t\t\t<div class=\"elementor-container elementor-column-gap-default\">\n\t\t\t\t\t<div class=\"elementor-column elementor-col-50 elementor-top-column elementor-element elementor-element-e442c7e\" data-id=\"e442c7e\" data-element_type=\"column\">\n\t\t\t<div class=\"elementor-widget-wrap elementor-element-populated\">\n\t\t\t\t\t\t<div class=\"elementor-element elementor-element-9f3ec25 elementor-widget elementor-widget-text-editor\" data-id=\"9f3ec25\" data-element_type=\"widget\" data-widget_type=\"text-editor.default\">\n\t\t\t\t<div class=\"elementor-widget-container\">\n\t\t\t\t\t\t\t\t\t<p><\/p>\n<p>Ihre Haut ist mir wichtig und jeder Mensch sollte das Recht haben, sich darin wohl zu f\u00fchlen.<br>Mit der richtigen Pflege bringen wir zusammen das Strahlen Ihres Inneren auch nach au\u00dfen.<\/p>\n<p>Ich biete eine exklusive und individuelle auf das Hautbild abgestimmte Beratung an, in der man die Produkte w\u00e4hrend der Beratung kostenfrei testen darf.<\/p>\n<p>Auf alle Hautpflegeprodukte gibt es eine 100%ige Umtauschgarantie.<\/p>\n<p>F\u00fcr weitere Unterst\u00fctzung und Informationen stehe ich Ihnen auch gerne nach dem Beratungstermin unter meiner angegebenen Gesch\u00e4ftsnummer zur Verf\u00fcgung.<\/p>\n<p>Buchbar als Einzelberatung, Doppelberatung oder in der Gruppe (3-6 Personen)<\/p>\n<p>(Meine Beratungstermine sind kostenfrei und unverbindlich.)<\/p>\t\t\t\t\t\t\t\t<\/div>\n\t\t\t\t<\/div>\n\t\t\t\t\t<\/div>\n\t\t<\/div>\n\t\t\t\t<div class=\"elementor-column elementor-col-50 elementor-top-column elementor-element elementor-element-56ec35b\" data-id=\"56ec35b\" data-element_type=\"column\">\n\t\t\t<div class=\"elementor-widget-wrap elementor-element-populated\">\n\t\t\t\t\t\t<div class=\"elementor-element elementor-element-e0400de elementor-widget elementor-widget-image\" data-id=\"e0400de\" data-element_type=\"widget\" data-widget_type=\"image.default\">\n\t\t\t\t<div class=\"elementor-widget-container\">\n\t\t\t\t\t\t\t\t\t\t\t\t\t\t\t<img fetchpriority=\"high\" decoding=\"async\" width=\"960\" height=\"640\" src=\"https:\/\/beauty-blickfang.de\/wp-content\/uploads\/2020\/12\/cosmetologist-applying-mask-on-a-face-of-client-in-a-beauty-salon-1-1024x683.jpg\" class=\"attachment-large size-large wp-image-198\" alt=\"\" srcset=\"https:\/\/beauty-blickfang.de\/wp-content\/uploads\/2020\/12\/cosmetologist-applying-mask-on-a-face-of-client-in-a-beauty-salon-1-1024x683.jpg 1024w, https:\/\/beauty-blickfang.de\/wp-content\/uploads\/2020\/12\/cosmetologist-applying-mask-on-a-face-of-client-in-a-beauty-salon-1-300x200.jpg 300w, https:\/\/beauty-blickfang.de\/wp-content\/uploads\/2020\/12\/cosmetologist-applying-mask-on-a-face-of-client-in-a-beauty-salon-1-768x512.jpg 768w, https:\/\/beauty-blickfang.de\/wp-content\/uploads\/2020\/12\/cosmetologist-applying-mask-on-a-face-of-client-in-a-beauty-salon-1-1536x1024.jpg 1536w, https:\/\/beauty-blickfang.de\/wp-content\/uploads\/2020\/12\/cosmetologist-applying-mask-on-a-face-of-client-in-a-beauty-salon-1-2048x1365.jpg 2048w\" sizes=\"(max-width: 960px) 100vw, 960px\" \/>\t\t\t\t\t\t\t\t\t\t\t\t\t\t\t<\/div>\n\t\t\t\t<\/div>\n\t\t\t\t\t<\/div>\n\t\t<\/div>\n\t\t\t\t\t<\/div>\n\t\t<\/section>\n\t\t\t\t<\/div>\n\t\t","protected":false},"excerpt":{"rendered":"<p>Beauty Moments Ihre Haut ist mir wichtig und jeder Mensch sollte das Recht haben, sich darin wohl zu f\u00fchlen.Mit der richtigen Pflege bringen wir zusammen das Strahlen Ihres Inneren auch nach au\u00dfen. Ich biete eine exklusive und individuelle auf das Hautbild abgestimmte Beratung an, in der man die Produkte w\u00e4hrend der Beratung kostenfrei testen darf. Auf alle Hautpflegeprodukte gibt es eine 100%ige Umtauschgarantie. F\u00fcr weitere Unterst\u00fctzung und Informationen stehe ich Ihnen auch gerne nach dem Beratungstermin unter meiner angegebenen Gesch\u00e4ftsnummer zur Verf\u00fcgung. Buchbar als Einzelberatung, Doppelberatung oder in der Gruppe (3-6 Personen) (Meine Beratungstermine sind kostenfrei und unverbindlich.)<\/p>\n","protected":false},"author":1,"featured_media":0,"parent":0,"menu_order":0,"comment_status":"closed","ping_status":"closed","template":"","meta":{"footnotes":""},"class_list":["post-180","page","type-page","status-publish","hentry"],"_links":{"self":[{"href":"https:\/\/beauty-blickfang.de\/index.php?rest_route=\/wp\/v2\/pages\/180","targetHints":{"allow":["GET"]}}],"collection":[{"href":"https:\/\/beauty-blickfang.de\/index.php?rest_route=\/wp\/v2\/pages"}],"about":[{"href":"https:\/\/beauty-blickfang.de\/index.php?rest_route=\/wp\/v2\/types\/page"}],"author":[{"embeddable":true,"href":"https:\/\/beauty-blickfang.de\/index.php?rest_route=\/wp\/v2\/users\/1"}],"replies":[{"embeddable":true,"href":"https:\/\/beauty-blickfang.de\/index.php?rest_route=%2Fwp%2Fv2%2Fcomments&post=180"}],"version-history":[{"count":27,"href":"https:\/\/beauty-blickfang.de\/index.php?rest_route=\/wp\/v2\/pages\/180\/revisions"}],"predecessor-version":[{"id":2574,"href":"https:\/\/beauty-blickfang.de\/index.php?rest_route=\/wp\/v2\/pages\/180\/revisions\/2574"}],"wp:attachment":[{"href":"https:\/\/beauty-blickfang.de\/index.php?rest_route=%2Fwp%2Fv2%2Fmedia&parent=180"}],"curies":[{"name":"wp","href":"https:\/\/api.w.org\/{rel}","templated":true}]}}