{"id":326,"date":"2021-02-28T18:43:40","date_gmt":"2021-02-28T18:43:40","guid":{"rendered":"https:\/\/beauty-blickfang.de\/?page_id=326"},"modified":"2024-02-09T17:02:55","modified_gmt":"2024-02-09T17:02:55","slug":"agb","status":"publish","type":"page","link":"https:\/\/beauty-blickfang.de\/?page_id=326","title":{"rendered":"AGB"},"content":{"rendered":"<ol style=\"box-sizing: inherit; -webkit-tap-highlight-color: transparent; border-color: inherit; line-height: 1.6; outline: transparent solid;\">\n<li style=\"box-sizing: inherit; -webkit-tap-highlight-color: transparent; border-color: inherit; font-size: inherit; line-height: inherit; text-rendering: optimizelegibility; outline: transparent solid; text-align: left;\">\n<p>Meine Wimpernextenstions sollten in den folgenden 24 Stunden nach der Behandlung weder feucht noch nass werden, d.h. Keine Sauna, keine Schwimmb\u00e4der, kein Solarium, kein Wimpernwachstumsserum, keine Mascara, kein Lidschatten, kein Eyeliner, keine W\u00e4rme, keine chemischen Behandlungen.<\/p>\n<\/li>\n<li style=\"box-sizing: inherit; -webkit-tap-highlight-color: transparent; border-color: inherit; font-size: inherit; line-height: inherit; text-rendering: optimizelegibility; outline: transparent solid; text-align: left;\">\n<p>Meine Wimpernextensions sollen 1-2 mal t\u00e4glich mit einem Wimpernb\u00fcrstchen gek\u00e4mmt und mit einem Wimpernshampoo gewaschen werden.<\/p>\n<\/li>\n<li style=\"box-sizing: inherit; -webkit-tap-highlight-color: transparent; border-color: inherit; font-size: inherit; line-height: inherit; text-rendering: optimizelegibility; outline: transparent solid; text-align: left;\">\n<p><b style=\"box-sizing: inherit; -webkit-tap-highlight-color: transparent; border-color: inherit; line-height: inherit; outline: transparent solid;\"><\/b>&nbsp;Nach der Behandlung sollte ich meine Augen nicht reiben und nicht an meinen Wimpern ziehen oder herumspielen.<\/p>\n<\/li>\n<li style=\"box-sizing: inherit; -webkit-tap-highlight-color: transparent; border-color: inherit; font-size: inherit; line-height: inherit; text-rendering: optimizelegibility; outline: transparent solid; text-align: left;\">\n<p>Die Haltbarkeit meiner Wimpernextensions h\u00e4ngt von diversen Faktoren ab.Dazu geh\u00f6ren: mein Hauttyp, mein Haarzyklus, mein Hormonspiegel, Pers\u00f6nlicher Stress, mein Pflegeverhalten nach der Behandlung, meine Verwendung von Kosmetika und Pflegeprodukten<\/p>\n<\/li>\n<li style=\"box-sizing: inherit; -webkit-tap-highlight-color: transparent; border-color: inherit; font-size: inherit; line-height: inherit; text-rendering: optimizelegibility; outline: transparent solid; text-align: left;\">\n<p>F\u00fcr vorzeitiges Ausfallen der Wimpernextensions \u00fcbernimmt die Wimpernstylistin keine&nbsp;Haftung.<\/p>\n<\/li>\n<li style=\"box-sizing: inherit; -webkit-tap-highlight-color: transparent; border-color: inherit; font-size: inherit; line-height: inherit; text-rendering: optimizelegibility; outline: transparent solid; text-align: left;\">\n<p>&nbsp;Mir ist bewusst, dass ich t\u00e4glich 3-5 Naturwimpern pro Auge verliere und alle 3-4 Wochen&nbsp;&nbsp;Auff\u00fclltermine wahrnehmen muss, damit mein Wimpernlook bestehen bleibt.<\/p>\n<\/li>\n<li style=\"box-sizing: inherit; -webkit-tap-highlight-color: transparent; border-color: inherit; font-size: inherit; line-height: inherit; text-rendering: optimizelegibility; outline: transparent solid; text-align: left;\">\n<p>Ich wei\u00df, dass regelm\u00e4\u00dfige Auff\u00fclltermine nach der Behandlung n\u00f6tig sind, und dass diese mit&nbsp;weiteren Kosten verbunden sind.<\/p>\n<\/li>\n<li style=\"box-sizing: inherit; -webkit-tap-highlight-color: transparent; border-color: inherit; font-size: inherit; line-height: inherit; text-rendering: optimizelegibility; outline: transparent solid; text-align: left;\">\n<p>Da bei der Behandlung Instrumente verwendet werden, halte ich meine Augen w\u00e4hrend der&nbsp;gesamten Behandlung geschlossen. Sollte ich Husten, Niesen oder andere Bewegungen&nbsp;machen m\u00fcssen, signalisiere ich dieses rechtzeitig der Wimpernstylistin durch ein&nbsp;Handzeichen.<\/p>\n<\/li>\n<li style=\"box-sizing: inherit; -webkit-tap-highlight-color: transparent; border-color: inherit; font-size: inherit; line-height: inherit; text-rendering: optimizelegibility; outline: transparent solid; text-align: left;\">\n<p>Von dem Tragen m\u00f6glicher Kontaktlinsen w\u00e4hrend der Behandlung wird abgeraten. Mir steht&nbsp;es jedoch frei, die Kontaktlinsen vor der Behandlung zu entfernen. F\u00fcr eventuelle&nbsp;Sch\u00e4digungen der Kontaktlinsen \u00fcbernimmt die Wimpernstylistin keine Haftung.<\/p>\n<\/li>\n<li style=\"box-sizing: inherit; -webkit-tap-highlight-color: transparent; border-color: inherit; font-size: inherit; line-height: inherit; text-rendering: optimizelegibility; outline: transparent solid; text-align: left;\">\n<p>Die Verwendung von Wimperntusche kann die Lebensdauer meiner Wimpernextensions erheblich verk\u00fcrzen. Ich sollte daher auf die Verwendung von Mascara komplett verzichten.<\/p>\n<\/li>\n<li style=\"box-sizing: inherit; -webkit-tap-highlight-color: transparent; border-color: inherit; font-size: inherit; line-height: inherit; text-rendering: optimizelegibility; outline: transparent solid; text-align: left;\">\n<p>Die Wimpernextensions sind aus medizinischer Sicht ein Fremdk\u00f6rper. Durch die Behandlung&nbsp;kann eine Reizung des Auges oder eine Allergie ausgel\u00f6st werden.<\/p>\n<\/li>\n<li style=\"box-sizing: inherit; -webkit-tap-highlight-color: transparent; border-color: inherit; font-size: inherit; line-height: inherit; text-rendering: optimizelegibility; outline: transparent solid; text-align: left;\">\n<p>Ich informiere die Wimpernstylistin vor der Behandlung \u00fcber bestehende Empfindlichkeiten&nbsp;sowie Allergien. Bei einer auftretenden Reaktion \u00fcbernimmt die Wimpernstylistin keine&nbsp;Haftung.<\/p>\n<\/li>\n<li style=\"box-sizing: inherit; -webkit-tap-highlight-color: transparent; border-color: inherit; font-size: inherit; line-height: inherit; text-rendering: optimizelegibility; outline: transparent solid; text-align: left;\">\n<p>Ich akzeptiere m\u00f6gliche Komplikationen, die die Behandlung mit sich bringen kann und&nbsp;best\u00e4tige bei vollem Verstand, zu diesem Zeitpunkt auch nicht vorhersehbare Risiken in Kauf&nbsp;zu nehmen.<\/p>\n<\/li>\n<li style=\"box-sizing: inherit; -webkit-tap-highlight-color: transparent; border-color: inherit; font-size: inherit; line-height: inherit; text-rendering: optimizelegibility; outline: transparent solid; text-align: left;\">\n<p>Grunds\u00e4tzlich wird mit dieser Unterschrift best\u00e4tigt, auf jegliche Schadensersatzanspr\u00fcche&nbsp;und Regressanspr\u00fcche gegen\u00fcber der Wimpernstylistin, die bei den besagten Sch\u00e4den&nbsp;entstehen k\u00f6nnen, zu verzichten da ich ausdr\u00fccklich auf alles hingewiesen wurde.<\/p>\n<\/li>\n<li style=\"box-sizing: inherit; -webkit-tap-highlight-color: transparent; border-color: inherit; font-size: inherit; line-height: inherit; text-rendering: optimizelegibility; outline: transparent solid; text-align: left;\">\n<p>Ich erkl\u00e4re mich damit einverstanden, dass Vorher-Nachher-Bilder zu Werbezwecken&nbsp;ver\u00f6ffentlicht werden k\u00f6nnen.<\/p>\n<\/li>\n<li style=\"box-sizing: inherit; -webkit-tap-highlight-color: transparent; border-color: inherit; font-size: inherit; line-height: inherit; text-rendering: optimizelegibility; outline: transparent solid; text-align: left;\">\n<p>Alle Preise sind Festpreise und nicht verhandelbar.<\/p>\n<\/li>\n<li style=\"box-sizing: inherit; -webkit-tap-highlight-color: transparent; border-color: inherit; font-size: inherit; line-height: inherit; text-rendering: optimizelegibility; outline: transparent solid; text-align: left;\">\n<p>Alle Kosten sind sofort nach Leistungserbringung zu entrichten.<\/p>\n<\/li>\n<li style=\"box-sizing: inherit; -webkit-tap-highlight-color: transparent; border-color: inherit; font-size: inherit; line-height: inherit; text-rendering: optimizelegibility; outline: transparent solid; text-align: left;\">\n<p>Termine werden von mir rechtzeitig (mind. 24 Stunden vorher) abgesagt, da ansonsten eine&nbsp;Ausfallgeb\u00fchr von 50% des Behandlungspreises berechnet wird.&nbsp;<\/p>\n<\/li>\n<li style=\"box-sizing: inherit; -webkit-tap-highlight-color: transparent; border-color: inherit; font-size: inherit; line-height: inherit; text-rendering: optimizelegibility; outline: transparent solid; text-align: left;\">\n<p>Zu dem Termin erscheine ich stets ungeschminkt, d.h.&nbsp;kein Mascara, Eyeliner oder Lidschatten. Bei stark verunreinigten Wimpern wird ein&nbsp;Mehraufwand von 10\u20ac berechnet.<\/p>\n<\/li>\n<li style=\"box-sizing: inherit; -webkit-tap-highlight-color: transparent; border-color: inherit; font-size: inherit; line-height: inherit; text-rendering: optimizelegibility; outline: transparent solid; text-align: left;\">\n<p>Ich erscheine stets p\u00fcnktlich zu dem Termin. Bei mehr als 15min Versp\u00e4tung beh\u00e4lt sich die Wimpernstylistin vor, den&nbsp;Termin aus organisatorischen Gr\u00fcnden abzusagen und komplett in Rechnung zu stellen.<\/p>\n<\/li>\n<li style=\"box-sizing: inherit; -webkit-tap-highlight-color: transparent; border-color: inherit; font-size: inherit; line-height: inherit; text-rendering: optimizelegibility; outline: transparent solid; text-align: left;\">\n<p>Geleistete Anzahlungen k\u00f6nnen bei Terminabsagen nicht zur\u00fcck gezahlt werden. Eine Terminverschiebung ist jederzeit m\u00f6glich mit Anrechnung der geleisteten Anzahlung.<\/p>\n<\/li>\n<li style=\"box-sizing: inherit; -webkit-tap-highlight-color: transparent; border-color: inherit; font-size: inherit; line-height: inherit; text-rendering: optimizelegibility; outline: transparent solid; text-align: left;\">\n<p>Ich habe obige Informationen gelesen und umfassen verstanden<\/p>\n<\/li>\n<\/ol>\n","protected":false},"excerpt":{"rendered":"<p>Meine Wimpernextenstions sollten in den folgenden 24 Stunden nach der Behandlung weder feucht noch nass werden, d.h. Keine Sauna, keine Schwimmb\u00e4der, kein Solarium, kein Wimpernwachstumsserum, keine Mascara, kein Lidschatten, kein Eyeliner, keine W\u00e4rme, keine chemischen Behandlungen. Meine Wimpernextensions sollen 1-2 mal t\u00e4glich mit einem Wimpernb\u00fcrstchen gek\u00e4mmt und mit einem Wimpernshampoo gewaschen werden. &nbsp;Nach der Behandlung sollte ich meine Augen nicht reiben und nicht an meinen Wimpern ziehen oder herumspielen. Die Haltbarkeit meiner Wimpernextensions h\u00e4ngt von diversen Faktoren ab.Dazu geh\u00f6ren: mein Hauttyp, mein Haarzyklus, mein Hormonspiegel, Pers\u00f6nlicher Stress, mein Pflegeverhalten nach der Behandlung, meine Verwendung von Kosmetika und Pflegeprodukten F\u00fcr vorzeitiges Ausfallen der Wimpernextensions \u00fcbernimmt die Wimpernstylistin keine&nbsp;Haftung. &nbsp;Mir ist bewusst, dass ich t\u00e4glich 3-5 Naturwimpern pro Auge verliere und alle 3-4 Wochen&nbsp;&nbsp;Auff\u00fclltermine wahrnehmen muss, damit mein Wimpernlook bestehen bleibt. Ich wei\u00df, dass regelm\u00e4\u00dfige Auff\u00fclltermine nach der Behandlung n\u00f6tig sind, und dass diese mit&nbsp;weiteren Kosten verbunden sind. Da bei der Behandlung Instrumente verwendet werden, halte ich meine Augen w\u00e4hrend der&nbsp;gesamten Behandlung geschlossen. Sollte ich Husten, Niesen oder andere Bewegungen&nbsp;machen m\u00fcssen, signalisiere ich dieses rechtzeitig der Wimpernstylistin durch ein&nbsp;Handzeichen. Von dem Tragen m\u00f6glicher Kontaktlinsen w\u00e4hrend der Behandlung wird abgeraten. Mir steht&nbsp;es jedoch frei, die Kontaktlinsen vor der Behandlung zu entfernen. F\u00fcr eventuelle&nbsp;Sch\u00e4digungen der Kontaktlinsen \u00fcbernimmt die Wimpernstylistin keine Haftung. Die Verwendung von Wimperntusche kann die Lebensdauer meiner Wimpernextensions erheblich verk\u00fcrzen. Ich sollte daher auf die Verwendung von Mascara komplett verzichten. Die Wimpernextensions sind aus medizinischer Sicht ein Fremdk\u00f6rper. Durch die Behandlung&nbsp;kann eine Reizung des Auges oder eine Allergie ausgel\u00f6st werden. Ich informiere die Wimpernstylistin vor der Behandlung \u00fcber bestehende Empfindlichkeiten&nbsp;sowie Allergien. Bei einer auftretenden Reaktion \u00fcbernimmt die Wimpernstylistin keine&nbsp;Haftung. Ich akzeptiere m\u00f6gliche Komplikationen, die die Behandlung mit sich bringen kann und&nbsp;best\u00e4tige bei vollem Verstand, zu diesem Zeitpunkt auch nicht vorhersehbare Risiken in Kauf&nbsp;zu nehmen. Grunds\u00e4tzlich wird mit dieser Unterschrift best\u00e4tigt, auf jegliche Schadensersatzanspr\u00fcche&nbsp;und Regressanspr\u00fcche gegen\u00fcber der Wimpernstylistin, die bei den besagten Sch\u00e4den&nbsp;entstehen k\u00f6nnen, zu verzichten da ich ausdr\u00fccklich auf alles hingewiesen wurde. Ich erkl\u00e4re mich damit einverstanden, dass Vorher-Nachher-Bilder zu Werbezwecken&nbsp;ver\u00f6ffentlicht werden k\u00f6nnen. Alle Preise sind Festpreise und nicht verhandelbar. Alle Kosten sind sofort nach Leistungserbringung zu entrichten. Termine werden von mir rechtzeitig (mind. 24 Stunden vorher) abgesagt, da ansonsten eine&nbsp;Ausfallgeb\u00fchr von 50% des Behandlungspreises berechnet wird.&nbsp; Zu dem Termin erscheine ich stets ungeschminkt, d.h.&nbsp;kein Mascara, Eyeliner oder Lidschatten. Bei stark verunreinigten Wimpern wird ein&nbsp;Mehraufwand von 10\u20ac berechnet. Ich erscheine stets p\u00fcnktlich zu dem Termin. Bei mehr als 15min Versp\u00e4tung beh\u00e4lt sich die Wimpernstylistin vor, den&nbsp;Termin aus organisatorischen Gr\u00fcnden abzusagen und komplett in Rechnung zu stellen. Geleistete Anzahlungen k\u00f6nnen bei Terminabsagen nicht zur\u00fcck gezahlt werden. Eine Terminverschiebung ist jederzeit m\u00f6glich mit Anrechnung der geleisteten Anzahlung. Ich habe obige Informationen gelesen und umfassen verstanden<\/p>\n","protected":false},"author":1,"featured_media":0,"parent":0,"menu_order":0,"comment_status":"closed","ping_status":"closed","template":"","meta":{"footnotes":""},"class_list":["post-326","page","type-page","status-publish","hentry"],"_links":{"self":[{"href":"https:\/\/beauty-blickfang.de\/index.php?rest_route=\/wp\/v2\/pages\/326","targetHints":{"allow":["GET"]}}],"collection":[{"href":"https:\/\/beauty-blickfang.de\/index.php?rest_route=\/wp\/v2\/pages"}],"about":[{"href":"https:\/\/beauty-blickfang.de\/index.php?rest_route=\/wp\/v2\/types\/page"}],"author":[{"embeddable":true,"href":"https:\/\/beauty-blickfang.de\/index.php?rest_route=\/wp\/v2\/users\/1"}],"replies":[{"embeddable":true,"href":"https:\/\/beauty-blickfang.de\/index.php?rest_route=%2Fwp%2Fv2%2Fcomments&post=326"}],"version-history":[{"count":15,"href":"https:\/\/beauty-blickfang.de\/index.php?rest_route=\/wp\/v2\/pages\/326\/revisions"}],"predecessor-version":[{"id":435,"href":"https:\/\/beauty-blickfang.de\/index.php?rest_route=\/wp\/v2\/pages\/326\/revisions\/435"}],"wp:attachment":[{"href":"https:\/\/beauty-blickfang.de\/index.php?rest_route=%2Fwp%2Fv2%2Fmedia&parent=326"}],"curies":[{"name":"wp","href":"https:\/\/api.w.org\/{rel}","templated":true}]}}